{"id":188,"date":"2024-09-25T18:21:51","date_gmt":"2024-09-25T21:21:51","guid":{"rendered":"https:\/\/puntoviajes.com.ar\/?page_id=188"},"modified":"2024-09-26T11:44:22","modified_gmt":"2024-09-26T14:44:22","slug":"canon-del-atuel","status":"publish","type":"page","link":"https:\/\/puntoviajes.com.ar\/index.php\/canon-del-atuel\/","title":{"rendered":"Ca\u00f1\u00f3n del Atuel"},"content":{"rendered":"\t\t<div data-elementor-type=\"wp-page\" data-elementor-id=\"188\" class=\"elementor elementor-188\" data-elementor-post-type=\"page\">\n\t\t\t\t\t\t<section class=\"elementor-section elementor-top-section elementor-element elementor-element-5843ced2 elementor-section-height-min-height elementor-section-boxed elementor-section-height-default elementor-section-items-middle\" data-id=\"5843ced2\" data-element_type=\"section\" data-settings=\"{&quot;background_background&quot;:&quot;classic&quot;,&quot;jet_parallax_layout_list&quot;:[]}\">\n\t\t\t\t\t\t\t<div class=\"elementor-background-overlay\"><\/div>\n\t\t\t\t\t\t\t<div class=\"elementor-container elementor-column-gap-default\">\n\t\t\t\t\t<div class=\"elementor-column elementor-col-100 elementor-top-column elementor-element elementor-element-bda62e1\" data-id=\"bda62e1\" data-element_type=\"column\">\n\t\t\t<div class=\"elementor-widget-wrap\">\n\t\t\t\t\t\t\t<\/div>\n\t\t<\/div>\n\t\t\t\t\t<\/div>\n\t\t<\/section>\n\t\t\t\t<section class=\"elementor-section elementor-top-section elementor-element elementor-element-53c7c62f elementor-section-boxed elementor-section-height-default elementor-section-height-default\" data-id=\"53c7c62f\" data-element_type=\"section\" data-settings=\"{&quot;jet_parallax_layout_list&quot;:[]}\">\n\t\t\t\t\t\t<div class=\"elementor-container elementor-column-gap-default\">\n\t\t\t\t\t<div class=\"elementor-column elementor-col-100 elementor-top-column elementor-element elementor-element-27ad1e3\" data-id=\"27ad1e3\" data-element_type=\"column\">\n\t\t\t<div class=\"elementor-widget-wrap elementor-element-populated\">\n\t\t\t\t\t\t<div class=\"elementor-element elementor-element-5805325d elementor-widget elementor-widget-heading\" data-id=\"5805325d\" data-element_type=\"widget\" data-widget_type=\"heading.default\">\n\t\t\t\t<div class=\"elementor-widget-container\">\n\t\t\t\t\t<h2 class=\"elementor-heading-title elementor-size-default\">CA\u00d1\u00d3N DEL ATUEL<\/h2>\t\t\t\t<\/div>\n\t\t\t\t<\/div>\n\t\t\t\t<div class=\"elementor-element elementor-element-31541a96 elementor-widget-divider--view-line elementor-widget elementor-widget-divider\" data-id=\"31541a96\" data-element_type=\"widget\" data-widget_type=\"divider.default\">\n\t\t\t\t<div class=\"elementor-widget-container\">\n\t\t\t\t\t\t\t<div class=\"elementor-divider\">\n\t\t\t<span class=\"elementor-divider-separator\">\n\t\t\t\t\t\t<\/span>\n\t\t<\/div>\n\t\t\t\t\t\t<\/div>\n\t\t\t\t<\/div>\n\t\t\t\t\t<\/div>\n\t\t<\/div>\n\t\t\t\t\t<\/div>\n\t\t<\/section>\n\t\t\t\t<section class=\"elementor-section elementor-top-section elementor-element elementor-element-2f6fc140 elementor-section-boxed elementor-section-height-default elementor-section-height-default\" data-id=\"2f6fc140\" data-element_type=\"section\" data-settings=\"{&quot;jet_parallax_layout_list&quot;:[]}\">\n\t\t\t\t\t\t<div class=\"elementor-container elementor-column-gap-default\">\n\t\t\t\t\t<div class=\"elementor-column elementor-col-50 elementor-top-column elementor-element elementor-element-7f43d8af\" data-id=\"7f43d8af\" data-element_type=\"column\">\n\t\t\t<div class=\"elementor-widget-wrap elementor-element-populated\">\n\t\t\t\t\t\t<div class=\"elementor-element elementor-element-191caaa2 elementor-widget elementor-widget-image\" data-id=\"191caaa2\" data-element_type=\"widget\" data-widget_type=\"image.default\">\n\t\t\t\t<div class=\"elementor-widget-container\">\n\t\t\t\t\t\t\t\t\t\t\t\t\t\t\t<img fetchpriority=\"high\" decoding=\"async\" width=\"800\" height=\"534\" src=\"https:\/\/puntoviajes.com.ar\/wp-content\/uploads\/2024\/09\/featured-1024x683.webp\" class=\"attachment-large size-large wp-image-294\" alt=\"\" srcset=\"https:\/\/puntoviajes.com.ar\/wp-content\/uploads\/2024\/09\/featured-1024x683.webp 1024w, https:\/\/puntoviajes.com.ar\/wp-content\/uploads\/2024\/09\/featured-300x200.webp 300w, https:\/\/puntoviajes.com.ar\/wp-content\/uploads\/2024\/09\/featured-768x512.webp 768w, https:\/\/puntoviajes.com.ar\/wp-content\/uploads\/2024\/09\/featured.webp 1500w\" sizes=\"(max-width: 800px) 100vw, 800px\" \/>\t\t\t\t\t\t\t\t\t\t\t\t\t\t\t<\/div>\n\t\t\t\t<\/div>\n\t\t\t\t<div class=\"elementor-element elementor-element-4ca01e2e elementor-absolute elementor-widget elementor-widget-image\" data-id=\"4ca01e2e\" data-element_type=\"widget\" data-settings=\"{&quot;_position&quot;:&quot;absolute&quot;}\" data-widget_type=\"image.default\">\n\t\t\t\t<div class=\"elementor-widget-container\">\n\t\t\t\t\t\t\t\t\t\t\t\t\t\t\t<img decoding=\"async\" width=\"242\" height=\"214\" src=\"https:\/\/puntoviajes.com.ar\/wp-content\/uploads\/2024\/09\/dots-green-copia.png\" class=\"attachment-large size-large wp-image-141\" alt=\"\" \/>\t\t\t\t\t\t\t\t\t\t\t\t\t\t\t<\/div>\n\t\t\t\t<\/div>\n\t\t\t\t\t<\/div>\n\t\t<\/div>\n\t\t\t\t<div class=\"elementor-column elementor-col-50 elementor-top-column elementor-element elementor-element-752597d9\" data-id=\"752597d9\" data-element_type=\"column\">\n\t\t\t<div class=\"elementor-widget-wrap elementor-element-populated\">\n\t\t\t\t\t\t<div class=\"elementor-element elementor-element-473103eb elementor-widget elementor-widget-heading\" data-id=\"473103eb\" data-element_type=\"widget\" data-widget_type=\"heading.default\">\n\t\t\t\t<div class=\"elementor-widget-container\">\n\t\t\t\t\t<h4 class=\"elementor-heading-title elementor-size-default\">Descripici\u00f3n<\/h4>\t\t\t\t<\/div>\n\t\t\t\t<\/div>\n\t\t\t\t<div class=\"elementor-element elementor-element-12cd54a4 elementor-position-left elementor-view-default elementor-mobile-position-top elementor-widget elementor-widget-icon-box\" data-id=\"12cd54a4\" data-element_type=\"widget\" data-widget_type=\"icon-box.default\">\n\t\t\t\t<div class=\"elementor-widget-container\">\n\t\t\t\t\t\t\t<div class=\"elementor-icon-box-wrapper\">\n\n\t\t\t\t\t\t<div class=\"elementor-icon-box-icon\">\n\t\t\t\t<span  class=\"elementor-icon\">\n\t\t\t\t<svg aria-hidden=\"true\" class=\"e-font-icon-svg e-far-clock\" viewBox=\"0 0 512 512\" xmlns=\"http:\/\/www.w3.org\/2000\/svg\"><path d=\"M256 8C119 8 8 119 8 256s111 248 248 248 248-111 248-248S393 8 256 8zm0 448c-110.5 0-200-89.5-200-200S145.5 56 256 56s200 89.5 200 200-89.5 200-200 200zm61.8-104.4l-84.9-61.7c-3.1-2.3-4.9-5.9-4.9-9.7V116c0-6.6 5.4-12 12-12h32c6.6 0 12 5.4 12 12v141.7l66.8 48.6c5.4 3.9 6.5 11.4 2.6 16.8L334.6 349c-3.9 5.3-11.4 6.5-16.8 2.6z\"><\/path><\/svg>\t\t\t\t<\/span>\n\t\t\t<\/div>\n\t\t\t\n\t\t\t\t\t\t<div class=\"elementor-icon-box-content\">\n\n\t\t\t\t\t\t\t\t\t<h5 class=\"elementor-icon-box-title\">\n\t\t\t\t\t\t<span  >\n\t\t\t\t\t\t\t07:00 Hs. Duraci\u00f3n aproximada de 14 horas\t\t\t\t\t\t<\/span>\n\t\t\t\t\t<\/h5>\n\t\t\t\t\n\t\t\t\t\n\t\t\t<\/div>\n\t\t\t\n\t\t<\/div>\n\t\t\t\t\t\t<\/div>\n\t\t\t\t<\/div>\n\t\t\t\t<div class=\"elementor-element elementor-element-5417f5e6 elementor-position-left elementor-view-default elementor-mobile-position-top elementor-widget elementor-widget-icon-box\" data-id=\"5417f5e6\" data-element_type=\"widget\" data-widget_type=\"icon-box.default\">\n\t\t\t\t<div class=\"elementor-widget-container\">\n\t\t\t\t\t\t\t<div class=\"elementor-icon-box-wrapper\">\n\n\t\t\t\t\t\t<div class=\"elementor-icon-box-icon\">\n\t\t\t\t<span  class=\"elementor-icon\">\n\t\t\t\t<svg aria-hidden=\"true\" class=\"e-font-icon-svg e-far-calendar-alt\" viewBox=\"0 0 448 512\" xmlns=\"http:\/\/www.w3.org\/2000\/svg\"><path d=\"M148 288h-40c-6.6 0-12-5.4-12-12v-40c0-6.6 5.4-12 12-12h40c6.6 0 12 5.4 12 12v40c0 6.6-5.4 12-12 12zm108-12v-40c0-6.6-5.4-12-12-12h-40c-6.6 0-12 5.4-12 12v40c0 6.6 5.4 12 12 12h40c6.6 0 12-5.4 12-12zm96 0v-40c0-6.6-5.4-12-12-12h-40c-6.6 0-12 5.4-12 12v40c0 6.6 5.4 12 12 12h40c6.6 0 12-5.4 12-12zm-96 96v-40c0-6.6-5.4-12-12-12h-40c-6.6 0-12 5.4-12 12v40c0 6.6 5.4 12 12 12h40c6.6 0 12-5.4 12-12zm-96 0v-40c0-6.6-5.4-12-12-12h-40c-6.6 0-12 5.4-12 12v40c0 6.6 5.4 12 12 12h40c6.6 0 12-5.4 12-12zm192 0v-40c0-6.6-5.4-12-12-12h-40c-6.6 0-12 5.4-12 12v40c0 6.6 5.4 12 12 12h40c6.6 0 12-5.4 12-12zm96-260v352c0 26.5-21.5 48-48 48H48c-26.5 0-48-21.5-48-48V112c0-26.5 21.5-48 48-48h48V12c0-6.6 5.4-12 12-12h40c6.6 0 12 5.4 12 12v52h128V12c0-6.6 5.4-12 12-12h40c6.6 0 12 5.4 12 12v52h48c26.5 0 48 21.5 48 48zm-48 346V160H48v298c0 3.3 2.7 6 6 6h340c3.3 0 6-2.7 6-6z\"><\/path><\/svg>\t\t\t\t<\/span>\n\t\t\t<\/div>\n\t\t\t\n\t\t\t\t\t\t<div class=\"elementor-icon-box-content\">\n\n\t\t\t\t\t\t\t\t\t<h5 class=\"elementor-icon-box-title\">\n\t\t\t\t\t\t<span  >\n\t\t\t\t\t\t\tSalidas: Jueves y Domingos\t\t\t\t\t\t<\/span>\n\t\t\t\t\t<\/h5>\n\t\t\t\t\n\t\t\t\t\n\t\t\t<\/div>\n\t\t\t\n\t\t<\/div>\n\t\t\t\t\t\t<\/div>\n\t\t\t\t<\/div>\n\t\t\t\t<div class=\"elementor-element elementor-element-72139b2d elementor-widget elementor-widget-text-editor\" data-id=\"72139b2d\" data-element_type=\"widget\" data-widget_type=\"text-editor.default\">\n\t\t\t\t<div class=\"elementor-widget-container\">\n\t\t\t\t\t\t\t\t\t<div class=\"flex-shrink-0 flex flex-col relative items-end\"><div class=\"pt-0\"><div class=\"gizmo-bot-avatar flex h-8 w-8 items-center justify-center overflow-hidden rounded-full\"><div class=\"relative p-1 rounded-sm flex items-center justify-center bg-token-main-surface-primary text-token-text-primary h-8 w-8\">La excursi\u00f3n al Ca\u00f1\u00f3n del Atuel te llevar\u00e1 a trav\u00e9s de un paisaje \u00fanico donde las formaciones rocosas cuentan historias de millones de a\u00f1os de erosi\u00f3n. Durante el recorrido, admirar\u00e1s esculturas naturales como \u00abEl Monje\u00bb y \u00abEl Castillo\u00bb, y disfrutar\u00e1s de la impresionante vista del embalse Valle Grande, rodeado por el majestuoso paisaje andino. Adem\u00e1s, visitaremos las centrales hidroel\u00e9ctricas que aprovechan la fuerza del r\u00edo Atuel, una obra de ingenier\u00eda en perfecta armon\u00eda con la naturaleza. \u00a1Un recorrido fascinante que combina la belleza natural con la innovaci\u00f3n humana, en uno de los escenarios m\u00e1s sorprendentes de Mendoza!<\/div><\/div><\/div><\/div>\t\t\t\t\t\t\t\t<\/div>\n\t\t\t\t<\/div>\n\t\t\t\t\t<\/div>\n\t\t<\/div>\n\t\t\t\t\t<\/div>\n\t\t<\/section>\n\t\t\t\t<section class=\"elementor-section elementor-top-section elementor-element elementor-element-32552486 elementor-section-boxed elementor-section-height-default elementor-section-height-default\" data-id=\"32552486\" data-element_type=\"section\" data-settings=\"{&quot;jet_parallax_layout_list&quot;:[]}\">\n\t\t\t\t\t\t<div class=\"elementor-container elementor-column-gap-default\">\n\t\t\t\t\t<div class=\"elementor-column elementor-col-100 elementor-top-column elementor-element elementor-element-85e27a8\" data-id=\"85e27a8\" data-element_type=\"column\">\n\t\t\t<div class=\"elementor-widget-wrap elementor-element-populated\">\n\t\t\t\t\t\t<div class=\"elementor-element elementor-element-57c9ca85 elementor-widget elementor-widget-heading\" data-id=\"57c9ca85\" data-element_type=\"widget\" data-widget_type=\"heading.default\">\n\t\t\t\t<div class=\"elementor-widget-container\">\n\t\t\t\t\t<h2 class=\"elementor-heading-title elementor-size-default\">Galer\u00eda de im\u00e1genes<\/h2>\t\t\t\t<\/div>\n\t\t\t\t<\/div>\n\t\t\t\t<div class=\"elementor-element elementor-element-2fbb8d52 elementor-widget-divider--view-line elementor-widget elementor-widget-divider\" data-id=\"2fbb8d52\" data-element_type=\"widget\" data-widget_type=\"divider.default\">\n\t\t\t\t<div class=\"elementor-widget-container\">\n\t\t\t\t\t\t\t<div class=\"elementor-divider\">\n\t\t\t<span class=\"elementor-divider-separator\">\n\t\t\t\t\t\t<\/span>\n\t\t<\/div>\n\t\t\t\t\t\t<\/div>\n\t\t\t\t<\/div>\n\t\t\t\t<section class=\"elementor-section elementor-inner-section elementor-element elementor-element-14d672e4 elementor-section-boxed elementor-section-height-default elementor-section-height-default\" data-id=\"14d672e4\" data-element_type=\"section\" data-settings=\"{&quot;jet_parallax_layout_list&quot;:[]}\">\n\t\t\t\t\t\t<div class=\"elementor-container elementor-column-gap-default\">\n\t\t\t\t\t<div class=\"elementor-column elementor-col-50 elementor-inner-column elementor-element elementor-element-17049a37\" data-id=\"17049a37\" data-element_type=\"column\">\n\t\t\t<div class=\"elementor-widget-wrap elementor-element-populated\">\n\t\t\t\t\t\t<div class=\"elementor-element elementor-element-4780d97 elementor-widget elementor-widget-image\" data-id=\"4780d97\" data-element_type=\"widget\" data-widget_type=\"image.default\">\n\t\t\t\t<div class=\"elementor-widget-container\">\n\t\t\t\t\t\t\t\t\t\t\t\t\t\t\t<img decoding=\"async\" width=\"800\" height=\"529\" src=\"https:\/\/puntoviajes.com.ar\/wp-content\/uploads\/2024\/09\/bote-1024x677.webp\" class=\"elementor-animation-bob attachment-large size-large wp-image-295\" alt=\"\" srcset=\"https:\/\/puntoviajes.com.ar\/wp-content\/uploads\/2024\/09\/bote-1024x677.webp 1024w, https:\/\/puntoviajes.com.ar\/wp-content\/uploads\/2024\/09\/bote-300x198.webp 300w, https:\/\/puntoviajes.com.ar\/wp-content\/uploads\/2024\/09\/bote-768x508.webp 768w, https:\/\/puntoviajes.com.ar\/wp-content\/uploads\/2024\/09\/bote.webp 1500w\" sizes=\"(max-width: 800px) 100vw, 800px\" \/>\t\t\t\t\t\t\t\t\t\t\t\t\t\t\t<\/div>\n\t\t\t\t<\/div>\n\t\t\t\t\t<\/div>\n\t\t<\/div>\n\t\t\t\t<div class=\"elementor-column elementor-col-50 elementor-inner-column elementor-element elementor-element-3300277d\" data-id=\"3300277d\" data-element_type=\"column\">\n\t\t\t<div class=\"elementor-widget-wrap elementor-element-populated\">\n\t\t\t\t\t\t<div class=\"elementor-element elementor-element-4c9d1e25 elementor-widget elementor-widget-image\" data-id=\"4c9d1e25\" data-element_type=\"widget\" data-widget_type=\"image.default\">\n\t\t\t\t<div class=\"elementor-widget-container\">\n\t\t\t\t\t\t\t\t\t\t\t\t\t\t\t<img loading=\"lazy\" decoding=\"async\" width=\"1000\" height=\"1340\" src=\"https:\/\/puntoviajes.com.ar\/wp-content\/uploads\/2024\/09\/balsas.webp\" class=\"elementor-animation-bob attachment-full size-full wp-image-297\" alt=\"\" srcset=\"https:\/\/puntoviajes.com.ar\/wp-content\/uploads\/2024\/09\/balsas.webp 1000w, https:\/\/puntoviajes.com.ar\/wp-content\/uploads\/2024\/09\/balsas-224x300.webp 224w, https:\/\/puntoviajes.com.ar\/wp-content\/uploads\/2024\/09\/balsas-764x1024.webp 764w, https:\/\/puntoviajes.com.ar\/wp-content\/uploads\/2024\/09\/balsas-768x1029.webp 768w\" sizes=\"(max-width: 1000px) 100vw, 1000px\" \/>\t\t\t\t\t\t\t\t\t\t\t\t\t\t\t<\/div>\n\t\t\t\t<\/div>\n\t\t\t\t\t<\/div>\n\t\t<\/div>\n\t\t\t\t\t<\/div>\n\t\t<\/section>\n\t\t\t\t<section class=\"elementor-section elementor-inner-section elementor-element elementor-element-19d6088 elementor-section-boxed elementor-section-height-default elementor-section-height-default\" data-id=\"19d6088\" data-element_type=\"section\" data-settings=\"{&quot;jet_parallax_layout_list&quot;:[]}\">\n\t\t\t\t\t\t<div class=\"elementor-container elementor-column-gap-default\">\n\t\t\t\t\t<div class=\"elementor-column elementor-col-33 elementor-inner-column elementor-element elementor-element-51e3696c\" data-id=\"51e3696c\" data-element_type=\"column\">\n\t\t\t<div class=\"elementor-widget-wrap elementor-element-populated\">\n\t\t\t\t\t\t<div class=\"elementor-element elementor-element-48a07600 elementor-widget elementor-widget-image\" data-id=\"48a07600\" data-element_type=\"widget\" data-widget_type=\"image.default\">\n\t\t\t\t<div class=\"elementor-widget-container\">\n\t\t\t\t\t\t\t\t\t\t\t\t\t\t\t<img loading=\"lazy\" decoding=\"async\" width=\"800\" height=\"931\" src=\"https:\/\/puntoviajes.com.ar\/wp-content\/uploads\/2024\/09\/pared-880x1024.webp\" class=\"elementor-animation-bob attachment-large size-large wp-image-413\" alt=\"\" srcset=\"https:\/\/puntoviajes.com.ar\/wp-content\/uploads\/2024\/09\/pared-880x1024.webp 880w, https:\/\/puntoviajes.com.ar\/wp-content\/uploads\/2024\/09\/pared-258x300.webp 258w, https:\/\/puntoviajes.com.ar\/wp-content\/uploads\/2024\/09\/pared-768x893.webp 768w, https:\/\/puntoviajes.com.ar\/wp-content\/uploads\/2024\/09\/pared.webp 1000w\" sizes=\"(max-width: 800px) 100vw, 800px\" \/>\t\t\t\t\t\t\t\t\t\t\t\t\t\t\t<\/div>\n\t\t\t\t<\/div>\n\t\t\t\t\t<\/div>\n\t\t<\/div>\n\t\t\t\t<div class=\"elementor-column elementor-col-33 elementor-inner-column elementor-element elementor-element-53151114\" data-id=\"53151114\" data-element_type=\"column\">\n\t\t\t<div class=\"elementor-widget-wrap elementor-element-populated\">\n\t\t\t\t\t\t<div class=\"elementor-element elementor-element-73d6319b elementor-widget elementor-widget-image\" data-id=\"73d6319b\" data-element_type=\"widget\" data-widget_type=\"image.default\">\n\t\t\t\t<div class=\"elementor-widget-container\">\n\t\t\t\t\t\t\t\t\t\t\t\t\t\t\t<img loading=\"lazy\" decoding=\"async\" width=\"800\" height=\"931\" src=\"https:\/\/puntoviajes.com.ar\/wp-content\/uploads\/2024\/09\/central-880x1024.webp\" class=\"elementor-animation-bob attachment-large size-large wp-image-414\" alt=\"\" srcset=\"https:\/\/puntoviajes.com.ar\/wp-content\/uploads\/2024\/09\/central-880x1024.webp 880w, https:\/\/puntoviajes.com.ar\/wp-content\/uploads\/2024\/09\/central-258x300.webp 258w, https:\/\/puntoviajes.com.ar\/wp-content\/uploads\/2024\/09\/central-768x893.webp 768w, https:\/\/puntoviajes.com.ar\/wp-content\/uploads\/2024\/09\/central.webp 1000w\" sizes=\"(max-width: 800px) 100vw, 800px\" \/>\t\t\t\t\t\t\t\t\t\t\t\t\t\t\t<\/div>\n\t\t\t\t<\/div>\n\t\t\t\t\t<\/div>\n\t\t<\/div>\n\t\t\t\t<div class=\"elementor-column elementor-col-33 elementor-inner-column elementor-element elementor-element-3e41e332\" data-id=\"3e41e332\" data-element_type=\"column\">\n\t\t\t<div class=\"elementor-widget-wrap elementor-element-populated\">\n\t\t\t\t\t\t<div class=\"elementor-element elementor-element-6ca8cb00 elementor-widget elementor-widget-image\" data-id=\"6ca8cb00\" data-element_type=\"widget\" data-widget_type=\"image.default\">\n\t\t\t\t<div class=\"elementor-widget-container\">\n\t\t\t\t\t\t\t\t\t\t\t\t\t\t\t<img loading=\"lazy\" decoding=\"async\" width=\"800\" height=\"931\" src=\"https:\/\/puntoviajes.com.ar\/wp-content\/uploads\/2024\/09\/roca-880x1024.webp\" class=\"elementor-animation-bob attachment-large size-large wp-image-298\" alt=\"\" srcset=\"https:\/\/puntoviajes.com.ar\/wp-content\/uploads\/2024\/09\/roca-880x1024.webp 880w, https:\/\/puntoviajes.com.ar\/wp-content\/uploads\/2024\/09\/roca-258x300.webp 258w, https:\/\/puntoviajes.com.ar\/wp-content\/uploads\/2024\/09\/roca-768x893.webp 768w, https:\/\/puntoviajes.com.ar\/wp-content\/uploads\/2024\/09\/roca.webp 1000w\" sizes=\"(max-width: 800px) 100vw, 800px\" \/>\t\t\t\t\t\t\t\t\t\t\t\t\t\t\t<\/div>\n\t\t\t\t<\/div>\n\t\t\t\t\t<\/div>\n\t\t<\/div>\n\t\t\t\t\t<\/div>\n\t\t<\/section>\n\t\t\t\t\t<\/div>\n\t\t<\/div>\n\t\t\t\t\t<\/div>\n\t\t<\/section>\n\t\t\t\t<\/div>\n\t\t","protected":false},"excerpt":{"rendered":"<p>CA\u00d1\u00d3N DEL ATUEL Descripici\u00f3n 07:00 Hs. Duraci\u00f3n aproximada de 14 horas Salidas: Jueves y Domingos La excursi\u00f3n al Ca\u00f1\u00f3n del Atuel te llevar\u00e1 a trav\u00e9s de un paisaje \u00fanico donde las formaciones rocosas cuentan historias de millones de a\u00f1os de erosi\u00f3n. Durante el recorrido, admirar\u00e1s esculturas naturales como \u00abEl Monje\u00bb y \u00abEl Castillo\u00bb, y disfrutar\u00e1s [&hellip;]<\/p>\n","protected":false},"author":2,"featured_media":0,"parent":0,"menu_order":0,"comment_status":"closed","ping_status":"closed","template":"","meta":{"_joinchat":[],"footnotes":""},"class_list":["post-188","page","type-page","status-publish","hentry"],"aioseo_notices":[],"_links":{"self":[{"href":"https:\/\/puntoviajes.com.ar\/index.php\/wp-json\/wp\/v2\/pages\/188","targetHints":{"allow":["GET"]}}],"collection":[{"href":"https:\/\/puntoviajes.com.ar\/index.php\/wp-json\/wp\/v2\/pages"}],"about":[{"href":"https:\/\/puntoviajes.com.ar\/index.php\/wp-json\/wp\/v2\/types\/page"}],"author":[{"embeddable":true,"href":"https:\/\/puntoviajes.com.ar\/index.php\/wp-json\/wp\/v2\/users\/2"}],"replies":[{"embeddable":true,"href":"https:\/\/puntoviajes.com.ar\/index.php\/wp-json\/wp\/v2\/comments?post=188"}],"version-history":[{"count":10,"href":"https:\/\/puntoviajes.com.ar\/index.php\/wp-json\/wp\/v2\/pages\/188\/revisions"}],"predecessor-version":[{"id":417,"href":"https:\/\/puntoviajes.com.ar\/index.php\/wp-json\/wp\/v2\/pages\/188\/revisions\/417"}],"wp:attachment":[{"href":"https:\/\/puntoviajes.com.ar\/index.php\/wp-json\/wp\/v2\/media?parent=188"}],"curies":[{"name":"wp","href":"https:\/\/api.w.org\/{rel}","templated":true}]}}